{"id":1557,"date":"2021-03-06T08:07:12","date_gmt":"2021-03-06T07:07:12","guid":{"rendered":"http:\/\/studiotoro.pl\/?page_id=1557"},"modified":"2025-07-16T16:32:59","modified_gmt":"2025-07-16T14:32:59","slug":"1557-2","status":"publish","type":"page","link":"https:\/\/linde.edu.pl\/?page_id=1557","title":{"rendered":"Indywidualno\u015b\u0107"},"content":{"rendered":"\t\t<div data-elementor-type=\"wp-page\" data-elementor-id=\"1557\" class=\"elementor elementor-1557\" data-elementor-settings=\"[]\">\n\t\t\t\t\t\t\t<div class=\"elementor-section-wrap\">\n\t\t\t\t\t\t\t<section class=\"elementor-section elementor-top-section elementor-element elementor-element-1ff98e4f elementor-section-boxed elementor-section-height-default elementor-section-height-default\" data-id=\"1ff98e4f\" data-element_type=\"section\">\n\t\t\t\t\t\t<div class=\"elementor-container elementor-column-gap-default\">\n\t\t\t\t\t<div class=\"elementor-column elementor-col-100 elementor-top-column elementor-element elementor-element-37ae735a\" data-id=\"37ae735a\" data-element_type=\"column\">\n\t\t\t<div class=\"elementor-widget-wrap elementor-element-populated\">\n\t\t\t\t\t\t\t\t<div class=\"elementor-element elementor-element-58a96ace elementor-widget elementor-widget-text-editor\" data-id=\"58a96ace\" data-element_type=\"widget\" data-widget_type=\"text-editor.default\">\n\t\t\t\t<div class=\"elementor-widget-container\">\n\t\t\t\t\t<div class=\"elementor-text-editor elementor-clearfix\"><p><!-- wp:heading --><\/p>\n<h2>Id\u017a swoj\u0105 \u015bcie\u017ck\u0105<\/h2>\n<p><!-- \/wp:heading --><\/p>\n<p><!-- wp:paragraph {\"align\":\"justify\"} --><\/p>\n<p class=\"has-text-align-left\"><strong>A wi\u0119c po pierwsze klasy i przedmioty rozszerzone.<\/strong><br \/>Ucze\u0144 ma mo\u017cliwo\u015b\u0107 budowania w\u0142asnego profilu poprzez wyb\u00f3r tych przedmiot\u00f3w rozszerzonych, kt\u00f3re najbardziej go interesuj\u0105.<br \/>Nie prowadzimy wi\u0119c sztywno zaprogramowanych klas, a pozostawiamy wyb\u00f3r naszym uczniom, dostosowuj\u0105c organizacj\u0119 szko\u0142y do takiego elastycznego modelu.<\/p>\n<p><!-- \/wp:paragraph --><\/p>\n<p><!-- wp:paragraph {\"align\":\"justify\"} --><\/p>\n<p class=\"has-text-align-left\">Niezdecydowanym, czy takim, kt\u00f3rzy jeszcze nie do ko\u0144ca okre\u015blili co ich interesuje ch\u0119tnie doradzimy. Nasz dream-team: szkolna psycholo\u017cka, szkolna pedagog i wicedyrektor wespr\u0105 ka\u017cdego w podejmowaniu decyzji.<\/p>\n<p><!-- \/wp:paragraph --><\/p>\n<p><!-- wp:paragraph {\"align\":\"left\"} --><\/p>\n<p class=\"has-text-align-left\">W my\u015bl naszej zasady, \u017ce szko\u0142a ma tworzy\u0107 \u015brodowisko przyjazne do rozwijania swoich zainteresowa\u0144 i pasji, pod\u0105\u017caj\u0105c za uczniem, a nie zamykaj\u0105c mu mo\u017cliwo\u015bci wyboru, profil dla ka\u017cdego ucznia budowany b\u0119dzie przez wyb\u00f3r konkretnego rozszerzenia, zale\u017c\u0105cego od jego zainteresowa\u0144. Co prawda proponujemy pewne zestawienia przedmiot\u00f3w pokazuj\u0105c mo\u017cliwo\u015bci stworzenia odpowiednich klas, ale to przyk\u0142ady dla zilustrowania mo\u017cliwo\u015bci. I tak w klasie nauk przyrodniczych proponujemy biologi\u0119, fizyk\u0119 i matematyk\u0119, ale nic nie stoi na przeszkodzie by kt\u00f3ry\u015b z tych przedmiot\u00f3w zamieni\u0107 na inny, na przyk\u0142ad na chemi\u0119 czy geografi\u0119. W klasie nauk humanistycznych proponujemy j\u0119zyk polski, histori\u0119 i geografi\u0119, ale przedmioty te mo\u017cna wybra\u0107 dowolnie i zamiast geografii zdecydowa\u0107 si\u0119 np na matematyk\u0119, z my\u015bl\u0105 o dobrym przygotowaniu si\u0119 do matury, lub na inny &#8211; dowolnie wybrany przedmiot. W klasie matematyczno-informatycznej sugerujemy matematyk\u0119, informatyk\u0119 i fizyk\u0119, ale to od ucznia zale\u017cy na jakie przedmioty si\u0119 zdecyduje. Mi\u0119dzy sob\u0105, wewn\u0119trznie, nazywamy to &#8220;konfiguracj\u0105 \u015bcie\u017cki dydaktycznej&#8221; przez ucznia<\/p>\n<p><!-- \/wp:paragraph --><\/p>\n<p><!-- wp:paragraph {\"align\":\"left\"} --><\/p>\n<p><!-- \/wp:paragraph --><\/p><\/div>\n\t\t\t\t<\/div>\n\t\t\t\t<\/div>\n\t\t\t\t\t<\/div>\n\t\t<\/div>\n\t\t\t\t\t\t\t<\/div>\n\t\t<\/section>\n\t\t\t\t<section class=\"elementor-section elementor-top-section elementor-element elementor-element-c40d542 elementor-section-boxed elementor-section-height-default elementor-section-height-default\" data-id=\"c40d542\" data-element_type=\"section\">\n\t\t\t\t\t\t<div class=\"elementor-container elementor-column-gap-default\">\n\t\t\t\t\t<div class=\"elementor-column elementor-col-100 elementor-top-column elementor-element elementor-element-9f6e6f1\" data-id=\"9f6e6f1\" data-element_type=\"column\">\n\t\t\t<div class=\"elementor-widget-wrap elementor-element-populated\">\n\t\t\t\t\t\t\t\t<div class=\"elementor-element elementor-element-5792f01 elementor-aspect-ratio-169 elementor-widget elementor-widget-video\" data-id=\"5792f01\" data-element_type=\"widget\" data-settings=\"{&quot;youtube_url&quot;:&quot;https:\\\/\\\/youtu.be\\\/cL8tQL_40nE&quot;,&quot;video_type&quot;:&quot;youtube&quot;,&quot;controls&quot;:&quot;yes&quot;,&quot;aspect_ratio&quot;:&quot;169&quot;}\" data-widget_type=\"video.default\">\n\t\t\t\t<div class=\"elementor-widget-container\">\n\t\t\t\t\t<div class=\"elementor-wrapper elementor-fit-aspect-ratio elementor-open-inline\">\n\t\t\t<div class=\"elementor-video\"><\/div>\t\t<\/div>\n\t\t\t\t<\/div>\n\t\t\t\t<\/div>\n\t\t\t\t\t<\/div>\n\t\t<\/div>\n\t\t\t\t\t\t\t<\/div>\n\t\t<\/section>\n\t\t\t\t<section class=\"elementor-section elementor-top-section elementor-element elementor-element-95230ad elementor-section-boxed elementor-section-height-default elementor-section-height-default\" data-id=\"95230ad\" data-element_type=\"section\">\n\t\t\t\t\t\t<div class=\"elementor-container elementor-column-gap-default\">\n\t\t\t\t\t<div class=\"elementor-column elementor-col-100 elementor-top-column elementor-element elementor-element-01814c6\" data-id=\"01814c6\" data-element_type=\"column\">\n\t\t\t<div class=\"elementor-widget-wrap elementor-element-populated\">\n\t\t\t\t\t\t\t\t<div class=\"elementor-element elementor-element-d651088 elementor-widget elementor-widget-text-editor\" data-id=\"d651088\" data-element_type=\"widget\" data-widget_type=\"text-editor.default\">\n\t\t\t\t<div class=\"elementor-widget-container\">\n\t\t\t\t\t<div class=\"elementor-text-editor elementor-clearfix\"><p><strong>Po drugie: j\u0119zyki obce &#8211; z definicji &#8220;poszerzone&#8221;.<\/strong><br \/>Liceum powstaje przy prowadz\u0105cej od niemal 26 lat nowoczesne studia filologiczne Wy\u017cszej Szkole J\u0119zyk\u00f3w Obcych. Dlatego j\u0119zyki obce s\u0105 wa\u017cnym elementem programu nauczania. Ka\u017cdy ucze\u0144 uczy\u0107 si\u0119 b\u0119dzie trzech j\u0119zyk\u00f3w:<br \/>&#8211; pierwszy to angielski, kt\u00f3rego nauka trwa\u0107 b\u0119dzie przez ca\u0142y okres nauki w wymiarze 5 godzin tygodniowo. Nauk\u0119 mo\u017cna rozpocz\u0105\u0107 od dowolnego poziomu zaawansowania. Taka intensywno\u015b\u0107 pozwoli na opanowanie j\u0119zyka na poziomie C1\/C2 oraz poszerzanie znajomo\u015bci tego j\u0119zyka o elementy Business English, t\u0142umaczenia (w tym t\u0142umaczenia kabinowe), sporz\u0105dzanie r\u00f3\u017cnej obj\u0119to\u015bci dokument\u00f3w, prowadzenie prezentacji itp.<br \/>&#8211; Drugi to jeden z j\u0119zyk\u00f3w do wyboru: niemiecki, hiszpa\u0144ski, a w przypadku os\u00f3b zainteresowanych r\u00f3wnie\u017c francuski, czy inny europejski (szko\u0142a mo\u017ce zapewni\u0107 zaj\u0119cia z j\u0119zyka norweskiego, szwedzkiego, rosyjskiego i innych), tego j\u0119zyka uczniowie uczy\u0107 si\u0119 b\u0119d\u0105 przez ca\u0142y okres nauki w wymiarze 3 godzin tygodniowo, pozwoli to osi\u0105gn\u0105\u0107 poziom B2. Nauka mo\u017ce by\u0107 realizowana od podstaw, lub na wy\u017cszych poziomach zaawansowania.<br \/>&#8211; Trzeci j\u0119zyk, kt\u00f3rego nauka trwa\u0107 b\u0119dzie 2 lata w wymiarze 2 godzin tygodniowo to j\u0119zyki orientalne: japo\u0144ski, chi\u0144ski lub korea\u0144ski. Taka intensywno\u015b\u0107 nauki pozwoli na opanowanie go w zakresie swobodnej komunikacji w sytuacjach codziennych.<\/p><\/div>\n\t\t\t\t<\/div>\n\t\t\t\t<\/div>\n\t\t\t\t\t<\/div>\n\t\t<\/div>\n\t\t\t\t\t\t\t<\/div>\n\t\t<\/section>\n\t\t\t\t<section class=\"elementor-section elementor-top-section elementor-element elementor-element-66121d5 elementor-section-boxed elementor-section-height-default elementor-section-height-default\" data-id=\"66121d5\" data-element_type=\"section\">\n\t\t\t\t\t\t<div class=\"elementor-container elementor-column-gap-default\">\n\t\t\t\t\t<div class=\"elementor-column elementor-col-100 elementor-top-column elementor-element elementor-element-d12b2df\" data-id=\"d12b2df\" data-element_type=\"column\">\n\t\t\t<div class=\"elementor-widget-wrap elementor-element-populated\">\n\t\t\t\t\t\t\t\t<div class=\"elementor-element elementor-element-d7916ac elementor-tabs-view-horizontal elementor-widget elementor-widget-tabs\" data-id=\"d7916ac\" data-element_type=\"widget\" data-widget_type=\"tabs.default\">\n\t\t\t\t<div class=\"elementor-widget-container\">\n\t\t\t\t\t<div class=\"elementor-tabs\">\n\t\t\t<div class=\"elementor-tabs-wrapper\" role=\"tablist\" >\n\t\t\t\t\t\t\t\t\t<div id=\"elementor-tab-title-2261\" class=\"elementor-tab-title elementor-tab-desktop-title\" aria-selected=\"true\" data-tab=\"1\" role=\"tab\" tabindex=\"0\" aria-controls=\"elementor-tab-content-2261\" aria-expanded=\"false\">J\u0119zyk hiszpa\u0144ski<\/div>\n\t\t\t\t\t\t\t\t\t<div id=\"elementor-tab-title-2262\" class=\"elementor-tab-title elementor-tab-desktop-title\" aria-selected=\"false\" data-tab=\"2\" role=\"tab\" tabindex=\"-1\" aria-controls=\"elementor-tab-content-2262\" aria-expanded=\"false\">J\u0119zyk niemiecki<\/div>\n\t\t\t\t\t\t\t\t\t<div id=\"elementor-tab-title-2263\" class=\"elementor-tab-title elementor-tab-desktop-title\" aria-selected=\"false\" data-tab=\"3\" role=\"tab\" tabindex=\"-1\" aria-controls=\"elementor-tab-content-2263\" aria-expanded=\"false\">J\u0119zyk chi\u0144ski<\/div>\n\t\t\t\t\t\t\t\t\t<div id=\"elementor-tab-title-2264\" class=\"elementor-tab-title elementor-tab-desktop-title\" aria-selected=\"false\" data-tab=\"4\" role=\"tab\" tabindex=\"-1\" aria-controls=\"elementor-tab-content-2264\" aria-expanded=\"false\">J\u0119zyk korea\u0144ski<\/div>\n\t\t\t\t\t\t\t<\/div>\n\t\t\t<div class=\"elementor-tabs-content-wrapper\" role=\"tablist\" aria-orientation=\"vertical\">\n\t\t\t\t\t\t\t\t\t<div class=\"elementor-tab-title elementor-tab-mobile-title\" aria-selected=\"true\" data-tab=\"1\" role=\"tab\" tabindex=\"0\" aria-controls=\"elementor-tab-content-2261\" aria-expanded=\"false\">J\u0119zyk hiszpa\u0144ski<\/div>\n\t\t\t\t\t<div id=\"elementor-tab-content-2261\" class=\"elementor-tab-content elementor-clearfix\" data-tab=\"1\" role=\"tabpanel\" aria-labelledby=\"elementor-tab-title-2261\" tabindex=\"0\" hidden=\"false\"><p><iframe loading=\"lazy\" src=\"\/\/www.youtube.com\/embed\/_3b5K60Nno4\" width=\"720\" height=\"404\" allowfullscreen=\"allowfullscreen\"><\/iframe>O zaj\u0119ciach z j\u0119zyka hiszpa\u0144skiego opowiada Pani Ewelina \u0141ukasiewicz.<\/p><\/div>\n\t\t\t\t\t\t\t\t\t<div class=\"elementor-tab-title elementor-tab-mobile-title\" aria-selected=\"false\" data-tab=\"2\" role=\"tab\" tabindex=\"-1\" aria-controls=\"elementor-tab-content-2262\" aria-expanded=\"false\">J\u0119zyk niemiecki<\/div>\n\t\t\t\t\t<div id=\"elementor-tab-content-2262\" class=\"elementor-tab-content elementor-clearfix\" data-tab=\"2\" role=\"tabpanel\" aria-labelledby=\"elementor-tab-title-2262\" tabindex=\"0\" hidden=\"hidden\"><p><iframe loading=\"lazy\" src=\"\/\/www.youtube.com\/embed\/GYpwu3OA8UA\" width=\"720\" height=\"404\" allowfullscreen=\"allowfullscreen\"><\/iframe>O lekcjach j\u0119zyka niemieckiego opowiada Pan Robert Hylla.<\/p><\/div>\n\t\t\t\t\t\t\t\t\t<div class=\"elementor-tab-title elementor-tab-mobile-title\" aria-selected=\"false\" data-tab=\"3\" role=\"tab\" tabindex=\"-1\" aria-controls=\"elementor-tab-content-2263\" aria-expanded=\"false\">J\u0119zyk chi\u0144ski<\/div>\n\t\t\t\t\t<div id=\"elementor-tab-content-2263\" class=\"elementor-tab-content elementor-clearfix\" data-tab=\"3\" role=\"tabpanel\" aria-labelledby=\"elementor-tab-title-2263\" tabindex=\"0\" hidden=\"hidden\"><p><iframe loading=\"lazy\" src=\"\/\/www.youtube.com\/embed\/rck-2j_zmb0\" width=\"720\" height=\"404\" allowfullscreen=\"allowfullscreen\"><\/iframe>Na zaj\u0119cia z j\u0119zyka chi\u0144skiego zaprasza Pan Dominik Duda<\/p><\/div>\n\t\t\t\t\t\t\t\t\t<div class=\"elementor-tab-title elementor-tab-mobile-title\" aria-selected=\"false\" data-tab=\"4\" role=\"tab\" tabindex=\"-1\" aria-controls=\"elementor-tab-content-2264\" aria-expanded=\"false\">J\u0119zyk korea\u0144ski<\/div>\n\t\t\t\t\t<div id=\"elementor-tab-content-2264\" class=\"elementor-tab-content elementor-clearfix\" data-tab=\"4\" role=\"tabpanel\" aria-labelledby=\"elementor-tab-title-2264\" tabindex=\"0\" hidden=\"hidden\"><p><iframe loading=\"lazy\" src=\"\/\/www.youtube.com\/embed\/qZLJos2r7IY\" width=\"720\" height=\"404\" allowfullscreen=\"allowfullscreen\"><\/iframe><\/p>\n<p>Naucz si\u0119 korea\u0144skiego w Liceum Linde. W \u015bwiat tego j\u0119zyka wprowadza Pani Marta Zi\u00f3\u0142kowska<\/p><\/div>\n\t\t\t\t\t\t\t<\/div>\n\t\t<\/div>\n\t\t\t\t<\/div>\n\t\t\t\t<\/div>\n\t\t\t\t\t<\/div>\n\t\t<\/div>\n\t\t\t\t\t\t\t<\/div>\n\t\t<\/section>\n\t\t\t\t\t\t<\/div>\n\t\t\t\t\t<\/div>\n\t\t","protected":false},"excerpt":{"rendered":"<p>Id\u017a swoj\u0105 \u015bcie\u017ck\u0105 A wi\u0119c po pierwsze klasy i przedmioty rozszerzone.Ucze\u0144 ma mo\u017cliwo\u015b\u0107 budowania w\u0142asnego profilu poprzez wyb\u00f3r tych przedmiot\u00f3w rozszerzonych, kt\u00f3re najbardziej go interesuj\u0105.Nie prowadzimy wi\u0119c sztywno zaprogramowanych klas, &#8230;<\/p>\n","protected":false},"author":1,"featured_media":0,"parent":0,"menu_order":0,"comment_status":"closed","ping_status":"closed","template":"","meta":[],"_links":{"self":[{"href":"https:\/\/linde.edu.pl\/index.php?rest_route=\/wp\/v2\/pages\/1557"}],"collection":[{"href":"https:\/\/linde.edu.pl\/index.php?rest_route=\/wp\/v2\/pages"}],"about":[{"href":"https:\/\/linde.edu.pl\/index.php?rest_route=\/wp\/v2\/types\/page"}],"author":[{"embeddable":true,"href":"https:\/\/linde.edu.pl\/index.php?rest_route=\/wp\/v2\/users\/1"}],"replies":[{"embeddable":true,"href":"https:\/\/linde.edu.pl\/index.php?rest_route=%2Fwp%2Fv2%2Fcomments&post=1557"}],"version-history":[{"count":22,"href":"https:\/\/linde.edu.pl\/index.php?rest_route=\/wp\/v2\/pages\/1557\/revisions"}],"predecessor-version":[{"id":2740,"href":"https:\/\/linde.edu.pl\/index.php?rest_route=\/wp\/v2\/pages\/1557\/revisions\/2740"}],"wp:attachment":[{"href":"https:\/\/linde.edu.pl\/index.php?rest_route=%2Fwp%2Fv2%2Fmedia&parent=1557"}],"curies":[{"name":"wp","href":"https:\/\/api.w.org\/{rel}","templated":true}]}}