{"id":1574,"date":"2021-03-09T16:08:33","date_gmt":"2021-03-09T15:08:33","guid":{"rendered":"http:\/\/studiotoro.pl\/?page_id=1574"},"modified":"2025-06-17T10:22:56","modified_gmt":"2025-06-17T08:22:56","slug":"ppp-i-coaching","status":"publish","type":"page","link":"https:\/\/linde.edu.pl\/?page_id=1574","title":{"rendered":"PPP i Coaching"},"content":{"rendered":"\t\t<div data-elementor-type=\"wp-page\" data-elementor-id=\"1574\" class=\"elementor elementor-1574\" data-elementor-settings=\"[]\">\n\t\t\t\t\t\t\t<div class=\"elementor-section-wrap\">\n\t\t\t\t\t\t\t<section class=\"elementor-section elementor-top-section elementor-element elementor-element-9220657 elementor-section-boxed elementor-section-height-default elementor-section-height-default\" data-id=\"9220657\" data-element_type=\"section\">\n\t\t\t\t\t\t<div class=\"elementor-container elementor-column-gap-default\">\n\t\t\t\t\t<div class=\"elementor-column elementor-col-100 elementor-top-column elementor-element elementor-element-def35ae\" data-id=\"def35ae\" data-element_type=\"column\">\n\t\t\t<div class=\"elementor-widget-wrap elementor-element-populated\">\n\t\t\t\t\t\t\t\t<div class=\"elementor-element elementor-element-936499b elementor-widget elementor-widget-text-editor\" data-id=\"936499b\" data-element_type=\"widget\" data-widget_type=\"text-editor.default\">\n\t\t\t\t<div class=\"elementor-widget-container\">\n\t\t\t\t\t<div class=\"elementor-text-editor elementor-clearfix\"><header>\n<h1 class=\"entry-title singular-title\">PoMoc psychologiczno &#8211; pedagogiczna i Coaching edukacyjny<\/h1>\n<\/header>\n<div class=\"entry-content\">\n<div class=\"at-above-post-page addthis_tool\" data-url=\"http:\/\/www.linde.edu.pl\/klasy-program-metody\/coach-edukacyjny\/\"><\/div>\nZapraszamy!\n\nDorota Jarczy\u0144ska \u2013 Smurawa, pedago\u017cka, Aleksandra Gorczyca &#8211; pedago\u017cka specjalna, Ilona Ka\u017amierczak &#8211; psycholog\n\n<table style=\"border: 0;\">\n<tbody>\n<tr style=\"border: 0;\">\n\n<td style=\"border: 0px; width: 230px;\"><img loading=\"lazy\" class=\"wp-image-1488 size-full alignleft\" src=\"https:\/\/linde.edu.pl\/wp-content\/uploads\/2021\/03\/kadra_d_smurawa.jpg\" alt=\"\" width=\"230\" height=\"450\" \/><\/td>\n\n<td style=\"border: 0px; width: 230px;\"><img loading=\"lazy\" class=\"wp-image-1488 size-full aligncenter\" src=\"https:\/\/linde.edu.pl\/wp-content\/uploads\/2025\/04\/Aleksandra_Gorczyca.jpg\" alt=\"\" width=\"230\" height=\"450\" \/><\/td>\n\n<td style=\"border: 0px; width: 230px;\">\n<img loading=\"lazy\" class=\"wp-image-1488 size-full alignright\" src=\"https:\/\/linde.edu.pl\/wp-content\/uploads\/2023\/11\/ilona_kazmierczak.jpg\" alt=\"\" width=\"230\" height=\"450\" \/>\n<\/td>\n<\/tr>\n<\/tbody>\n<\/table>\nJeste\u015bmy dla Was.\n\nPomagamy w r\u00f3\u017cnych sytuacjach szkolnych i \u017cyciowych.\n<ul>\n \t<li>Uczymy tw\u00f3rczego rozwi\u0105zywania problem\u00f3w.<\/li>\n \t<li>Pomagamy odkrywa\u0107 potencja\u0142 i motywacj\u0119 do nauki.<\/li>\n \t<li>Dbamy o dostosowanie wymaga\u0144 szkolnych do indywidualnych potrzeb i aktualnych mo\u017cliwo\u015bci psychofizycznych.<\/li>\n \t<li>Wspieramy w rozwijaniu talent\u00f3w, zainteresowa\u0144 oraz umiej\u0119tno\u015bci spo\u0142ecznych.<\/li>\n \t<li>Uczymy wyznaczania cel\u00f3w i dr\u00f3g do ich osi\u0105gni\u0119cia.<\/li>\n \t<li>Zach\u0119camy do wsp\u00f3\u0142pracy, a nie rywalizacji.<\/li>\n \t<li>Pomagamy okre\u015bli\u0107 mo\u017cliwe \u015bcie\u017cki edukacyjne i zawodowe.<\/li>\n \t<li>Wspieramy inicjatywy uczniowskie.<\/li>\n \t<li>Pomagamy m\u0142odym ludziom wej\u015b\u0107 w doros\u0142o\u015b\u0107.<\/li>\n<\/ul>\nWspieramy r\u00f3\u017cnorodno\u015b\u0107 \u2013 tu masz prawo by\u0107 sob\u0105.\n\n<strong>Kontakt:<\/strong>\n\nAleksandra Gorczyca &#8211; Pedago\u017cka specjalna: aleksandra.gorczyca@linde.edu.pl\n\nIlona Ka\u017amierczak &#8211; Psycholo\u017cka: ilona.kazmierczak@linde.edu.pl\n\nDorota Jarczy\u0144ska-Smurawa &#8211; Pedago\u017cka: dorota.smurawa@linde.edu.pl\n\n<strong>Warto zna\u0107:<\/strong>\n\nTelefon zaufania dla m\u0142odzie\u017cy\u00a0<a href=\"https:\/\/116111.pl\/mlodziez\">https:\/\/116111.pl\/mlodziez<\/a>\n\nPoradnia Psychologiczno \u2013 Pedagogiczna\u00a0<a href=\"http:\/\/zppp2.pl\/\">http:\/\/zppp2.pl\/<\/a>\n\nKRYZYSOWNIK <a class=\"mobidziennik_wiadomosci_link_confirm\" href=\"https:\/\/rops.poznan.pl\/zdrowiepsychiczne\/kryzysownik\/%C2%A0\" target=\"_blank\" rel=\"noopener\">rops.poznan.pl\/zdrowiepsychiczne\/kryzysownik\/\u00a0<\/a>\n\nJak chroni\u0107 dzieci i wzmacnia\u0107 ich zdrowie psychiczne<a href=\"https:\/\/l.facebook.com\/l.php?u=https%3A%2F%2Fwww.youtube.com%2Fwatch%3Fv%3DvABpsb_hS8o%26t%3D13s%26fbclid%3DIwAR1-TFZxCRyVgqh6rXo6dFmhcX9Y80jRoef4YjUx65fA1PHPAPV7002HFb4&amp;h=AT31Mh2A1WUVMBzM1M8u_KH1uiPHHGBSMXOHYR0O9J2VXucfjv_Rld9_mUzjLJvZHn9w0nfbED4fVCeMLhejxl1pqSGJBoZHRA3yEJGCdcXnC-2fTRVZyptjyw0ZL-She115\"> Film na YouTube<\/a>\n\n<\/div><\/div>\n\t\t\t\t<\/div>\n\t\t\t\t<\/div>\n\t\t\t\t\t<\/div>\n\t\t<\/div>\n\t\t\t\t\t\t\t<\/div>\n\t\t<\/section>\n\t\t\t\t<section class=\"elementor-section elementor-top-section elementor-element elementor-element-9e45469 elementor-section-boxed elementor-section-height-default elementor-section-height-default\" data-id=\"9e45469\" data-element_type=\"section\">\n\t\t\t\t\t\t<div class=\"elementor-container elementor-column-gap-default\">\n\t\t\t\t\t<div class=\"elementor-column elementor-col-100 elementor-top-column elementor-element elementor-element-bfd6b0e\" data-id=\"bfd6b0e\" data-element_type=\"column\">\n\t\t\t<div class=\"elementor-widget-wrap elementor-element-populated\">\n\t\t\t\t\t\t\t\t<div class=\"elementor-element elementor-element-3517c42 elementor-widget elementor-widget-image\" data-id=\"3517c42\" data-element_type=\"widget\" data-widget_type=\"image.default\">\n\t\t\t\t<div class=\"elementor-widget-container\">\n\t\t\t\t\t<div class=\"elementor-image\">\n\t\t\t\t\t\t\t\t\t\t<img width=\"800\" height=\"671\" src=\"https:\/\/linde.edu.pl\/wp-content\/uploads\/2021\/03\/PPP-PoMoc-Kiedy-przyjsc.png\" class=\"attachment-large size-large\" alt=\"\" loading=\"lazy\" srcset=\"https:\/\/linde.edu.pl\/wp-content\/uploads\/2021\/03\/PPP-PoMoc-Kiedy-przyjsc.png 940w, https:\/\/linde.edu.pl\/wp-content\/uploads\/2021\/03\/PPP-PoMoc-Kiedy-przyjsc-300x251.png 300w, https:\/\/linde.edu.pl\/wp-content\/uploads\/2021\/03\/PPP-PoMoc-Kiedy-przyjsc-768x644.png 768w\" sizes=\"(max-width: 800px) 100vw, 800px\" \/>\t\t\t\t\t\t\t\t\t\t\t<\/div>\n\t\t\t\t<\/div>\n\t\t\t\t<\/div>\n\t\t\t\t\t<\/div>\n\t\t<\/div>\n\t\t\t\t\t\t\t<\/div>\n\t\t<\/section>\n\t\t\t\t\t\t<\/div>\n\t\t\t\t\t<\/div>\n\t\t","protected":false},"excerpt":{"rendered":"<p>PoMoc psychologiczno &#8211; pedagogiczna i Coaching edukacyjny Zapraszamy! Dorota Jarczy\u0144ska \u2013 Smurawa, pedago\u017cka, Aleksandra Gorczyca &#8211; pedago\u017cka specjalna, Ilona Ka\u017amierczak &#8211; psycholog Jeste\u015bmy dla Was. Pomagamy w r\u00f3\u017cnych sytuacjach szkolnych &#8230;<\/p>\n","protected":false},"author":1,"featured_media":0,"parent":0,"menu_order":0,"comment_status":"closed","ping_status":"closed","template":"","meta":[],"_links":{"self":[{"href":"https:\/\/linde.edu.pl\/index.php?rest_route=\/wp\/v2\/pages\/1574"}],"collection":[{"href":"https:\/\/linde.edu.pl\/index.php?rest_route=\/wp\/v2\/pages"}],"about":[{"href":"https:\/\/linde.edu.pl\/index.php?rest_route=\/wp\/v2\/types\/page"}],"author":[{"embeddable":true,"href":"https:\/\/linde.edu.pl\/index.php?rest_route=\/wp\/v2\/users\/1"}],"replies":[{"embeddable":true,"href":"https:\/\/linde.edu.pl\/index.php?rest_route=%2Fwp%2Fv2%2Fcomments&post=1574"}],"version-history":[{"count":72,"href":"https:\/\/linde.edu.pl\/index.php?rest_route=\/wp\/v2\/pages\/1574\/revisions"}],"predecessor-version":[{"id":2560,"href":"https:\/\/linde.edu.pl\/index.php?rest_route=\/wp\/v2\/pages\/1574\/revisions\/2560"}],"wp:attachment":[{"href":"https:\/\/linde.edu.pl\/index.php?rest_route=%2Fwp%2Fv2%2Fmedia&parent=1574"}],"curies":[{"name":"wp","href":"https:\/\/api.w.org\/{rel}","templated":true}]}}