{"id":1642,"date":"2021-03-09T18:24:19","date_gmt":"2021-03-09T17:24:19","guid":{"rendered":"http:\/\/studiotoro.pl\/?page_id=1642"},"modified":"2025-09-26T14:18:59","modified_gmt":"2025-09-26T12:18:59","slug":"rada-rodzicow","status":"publish","type":"page","link":"https:\/\/linde.edu.pl\/?page_id=1642","title":{"rendered":"Rada Rodzic\u00f3w"},"content":{"rendered":"<p>Rad\u0119 Rodzic\u00f3w stanowi\u0105 wszystkie osoby z rad oddzia\u0142owych.<\/p>\n<p>Prezydium Rady Rodzic\u00f3w w roku szkolnym 2025\/2026<\/p>\n<ul>\n<li>Przewodnicz\u0105ca Rady Rodzic\u00f3w Pani Karolina Klafetka-Sokulska<\/li>\n<li>Zast\u0119pca Przewodnicz\u0105cej Pani Izabela Molczyk-Staszewska<\/li>\n<li>Skarbnik Pan Krzysztof R\u00f3g<\/li>\n<\/ul>\n<p>Rada Rodzic\u00f3w spotyka si\u0119 cyklicznie raz w miesi\u0105cu na terenie szko\u0142y lub online.<\/p>\n<p>W sprawach pilnych \u2013 kontakt poprzez mobidziennik oraz media spo\u0142eczno\u015bciowe.<\/p>\n<p>Dodatkowe informacje:<\/p>\n<p>Konto bankowe: 25 1020 4900 0000 8702 3824 7478<\/p>\n","protected":false},"excerpt":{"rendered":"<p>Rad\u0119 Rodzic\u00f3w stanowi\u0105 wszystkie osoby z rad oddzia\u0142owych. Prezydium Rady Rodzic\u00f3w w roku szkolnym 2025\/2026 Przewodnicz\u0105ca Rady Rodzic\u00f3w Pani Karolina Klafetka-Sokulska Zast\u0119pca Przewodnicz\u0105cej Pani Izabela Molczyk-Staszewska Skarbnik Pan Krzysztof R\u00f3g &#8230;<\/p>\n","protected":false},"author":1,"featured_media":0,"parent":0,"menu_order":0,"comment_status":"closed","ping_status":"closed","template":"","meta":[],"_links":{"self":[{"href":"https:\/\/linde.edu.pl\/index.php?rest_route=\/wp\/v2\/pages\/1642"}],"collection":[{"href":"https:\/\/linde.edu.pl\/index.php?rest_route=\/wp\/v2\/pages"}],"about":[{"href":"https:\/\/linde.edu.pl\/index.php?rest_route=\/wp\/v2\/types\/page"}],"author":[{"embeddable":true,"href":"https:\/\/linde.edu.pl\/index.php?rest_route=\/wp\/v2\/users\/1"}],"replies":[{"embeddable":true,"href":"https:\/\/linde.edu.pl\/index.php?rest_route=%2Fwp%2Fv2%2Fcomments&post=1642"}],"version-history":[{"count":5,"href":"https:\/\/linde.edu.pl\/index.php?rest_route=\/wp\/v2\/pages\/1642\/revisions"}],"predecessor-version":[{"id":2768,"href":"https:\/\/linde.edu.pl\/index.php?rest_route=\/wp\/v2\/pages\/1642\/revisions\/2768"}],"wp:attachment":[{"href":"https:\/\/linde.edu.pl\/index.php?rest_route=%2Fwp%2Fv2%2Fmedia&parent=1642"}],"curies":[{"name":"wp","href":"https:\/\/api.w.org\/{rel}","templated":true}]}}