{"id":1970,"date":"2021-09-09T10:13:09","date_gmt":"2021-09-09T08:13:09","guid":{"rendered":"https:\/\/linde.edu.pl\/?page_id=1970"},"modified":"2021-09-09T12:44:14","modified_gmt":"2021-09-09T10:44:14","slug":"konkurs-wiki-lubi-zabytki","status":"publish","type":"page","link":"https:\/\/linde.edu.pl\/?page_id=1970","title":{"rendered":"Konkurs &#8211; Wiki lubi zabytki"},"content":{"rendered":"<p>Liceum Linde bierze udzia\u0142 w konkursie organizowanym i prowadzonym przez Wikimedia Commons &#8220;Wiki lubi zabytki&#8221;<br \/>\nPoni\u017cej informacje dla uczni\u00f3w bior\u0105cych udzia\u0142 w  konkursie.<\/p>\n<p><a href=\"\/wp-content\/uploads\/2021\/09\/Wiki-Lubi-Zabytki-Junior-zasady-i-materialy-1.pdf\" rel=\"noopener\" target=\"_blank\">Zasady i materia\u0142y plik PDF<\/a><br \/>\n<a href=\"https:\/\/pl.wikimedia.org\/wiki\/Wiki_Lubi_Zabytki_Junior\" rel=\"noopener\" target=\"_blank\">Og\u00f3lne informacje o konkursie (link)<\/a><br \/>\n<a href=\"https:\/\/pl.wikimedia.org\/wiki\/Wiki_Lubi_Zabytki_2021\/Junior\" rel=\"noopener\" target=\"_blank\">Regulamin konkursu (link)<\/a><br \/>\n<a href=\"https:\/\/pl.wikimedia.org\/wiki\/Wiki_Lubi_Zabytki_Junior\/Jury\" rel=\"noopener\" target=\"_blank\">Informacje o Jury (link)<\/a><br \/>\n<a href=\"https:\/\/wikimedia.pl\/blog\/2021\/09\/08\/poznaj-szkoly-biorace-udzial-w-wiki-lubi-zabytki-junior\/\" rel=\"noopener\" target=\"_blank\">Szko\u0142y bior\u0105ce udzia\u0142 w konkursie (link)<\/a><br \/>\n<a href=\"https:\/\/commons.wikimedia.org\/wiki\/Campaign:wlm-pl-junior\" rel=\"noopener\" target=\"_blank\">Kreator konta (link)<\/a><br \/>\n<a href=\"https:\/\/pl.wikipedia.org\/wiki\/Wikipedia:Wiki_Lubi_Zabytki\" rel=\"noopener\" target=\"_blank\">Strona konkursu edycja doros\u0142a (link)<\/a><br \/>\n<a href=\"https:\/\/commons.wikimedia.org\/w\/index.php?title=Special:CreateAccount&#038;returnto=Main+Page&#038;returntoquery=uselang%3Dpl&#038;uselang=pl\" rel=\"noopener\" target=\"_blank\">Konto w Wikimedia Commons<\/a><\/p>\n","protected":false},"excerpt":{"rendered":"<p>Liceum Linde bierze udzia\u0142 w konkursie organizowanym i prowadzonym przez Wikimedia Commons &#8220;Wiki lubi zabytki&#8221; Poni\u017cej informacje dla uczni\u00f3w bior\u0105cych udzia\u0142 w konkursie. Zasady i materia\u0142y plik PDF Og\u00f3lne informacje &#8230;<\/p>\n","protected":false},"author":1,"featured_media":0,"parent":0,"menu_order":0,"comment_status":"closed","ping_status":"closed","template":"","meta":[],"_links":{"self":[{"href":"https:\/\/linde.edu.pl\/index.php?rest_route=\/wp\/v2\/pages\/1970"}],"collection":[{"href":"https:\/\/linde.edu.pl\/index.php?rest_route=\/wp\/v2\/pages"}],"about":[{"href":"https:\/\/linde.edu.pl\/index.php?rest_route=\/wp\/v2\/types\/page"}],"author":[{"embeddable":true,"href":"https:\/\/linde.edu.pl\/index.php?rest_route=\/wp\/v2\/users\/1"}],"replies":[{"embeddable":true,"href":"https:\/\/linde.edu.pl\/index.php?rest_route=%2Fwp%2Fv2%2Fcomments&post=1970"}],"version-history":[{"count":2,"href":"https:\/\/linde.edu.pl\/index.php?rest_route=\/wp\/v2\/pages\/1970\/revisions"}],"predecessor-version":[{"id":1974,"href":"https:\/\/linde.edu.pl\/index.php?rest_route=\/wp\/v2\/pages\/1970\/revisions\/1974"}],"wp:attachment":[{"href":"https:\/\/linde.edu.pl\/index.php?rest_route=%2Fwp%2Fv2%2Fmedia&parent=1970"}],"curies":[{"name":"wp","href":"https:\/\/api.w.org\/{rel}","templated":true}]}}