{"id":2013,"date":"2021-11-02T12:32:14","date_gmt":"2021-11-02T11:32:14","guid":{"rendered":"https:\/\/linde.edu.pl\/?page_id=2013"},"modified":"2024-09-13T13:19:41","modified_gmt":"2024-09-13T11:19:41","slug":"prawo-szkolne","status":"publish","type":"page","link":"https:\/\/linde.edu.pl\/?page_id=2013","title":{"rendered":"Prawo szkolne"},"content":{"rendered":"\t\t<div data-elementor-type=\"wp-page\" data-elementor-id=\"2013\" class=\"elementor elementor-2013\" data-elementor-settings=\"[]\">\n\t\t\t\t\t\t\t<div class=\"elementor-section-wrap\">\n\t\t\t\t\t\t\t<section class=\"elementor-section elementor-top-section elementor-element elementor-element-791e2734 elementor-section-boxed elementor-section-height-default elementor-section-height-default\" data-id=\"791e2734\" data-element_type=\"section\">\n\t\t\t\t\t\t<div class=\"elementor-container elementor-column-gap-default\">\n\t\t\t\t\t<div class=\"elementor-column elementor-col-100 elementor-top-column elementor-element elementor-element-23a4785c\" data-id=\"23a4785c\" data-element_type=\"column\">\n\t\t\t<div class=\"elementor-widget-wrap elementor-element-populated\">\n\t\t\t\t\t\t\t\t<div class=\"elementor-element elementor-element-28e0586e elementor-widget elementor-widget-text-editor\" data-id=\"28e0586e\" data-element_type=\"widget\" data-widget_type=\"text-editor.default\">\n\t\t\t\t<div class=\"elementor-widget-container\">\n\t\t\t\t\t<div class=\"elementor-text-editor elementor-clearfix\"><p>Zapraszamy do zapoznania si\u0119 z dokumentami prawa szkolnego Liceum Akademickiego linde.edu.pl<\/p><p><a href=\"https:\/\/linde.edu.pl\/wp-content\/uploads\/2024\/09\/statut_Linde_2024.pdf\">Statut Liceum Akademickiego linde.edu.pl<\/a><\/p><p><a href=\"\/wp-content\/uploads\/2021\/11\/REGULAMINSZKOLY.pdf\" target=\"_blank\" rel=\"noopener\">Regulamin szko\u0142y<\/a><\/p><p><a href=\"https:\/\/linde.edu.pl\/?page_id=2051\">Regulamin rekrutacji<\/a><\/p><p><a href=\"https:\/\/linde.edu.pl\/?page_id=2146\">Regulamin rekrutacji do klas 2-4<\/a><\/p><p><a href=\"\/wp-content\/uploads\/2021\/11\/REGULAMINPUNKTOWZACHOWANIA.pdf\" target=\"_blank\" rel=\"noopener\">Regulamin punktowego oceniania zachowania uczni\u00f3w<\/a><\/p><p><a href=\"\/wp-content\/uploads\/2021\/11\/REGULAINIMPREZIUROCZYSTOSCISZKOLYCH.pdf\" target=\"_blank\" rel=\"noopener\">Regulamin imprez i uroczysto\u015bci szkolnych<\/a><\/p><p><a href=\"\/wp-content\/uploads\/2021\/11\/OKLAD_PROC_BEZPIECZ-polaczono.pdf\" target=\"_blank\" rel=\"noopener\">Procedury bezpiecze\u0144stwa<\/a><\/p><p><a href=\"\/wp-content\/uploads\/2021\/11\/Procedura-Covid-19.pdf\">Procedury organizacji zaj\u0119\u0107 w zwi\u0105zku z epidemi\u0105 Covid<\/a><\/p><p><a href=\"\/wp-content\/uploads\/2022\/02\/Zasady-ksztalcenie-na-odleglosc.pdf\" target=\"_blank\" rel=\"noopener\">Informacja dla nauczycieli, uczni\u00f3w ich rodzic\u00f3w w sprawie zasad kszta\u0142cenia na odleg\u0142o\u015b\u0107 obowi\u0105zuj\u0105cych w Liceum Akademickim linde.edu.pl<\/a><\/p><p><a href=\"\/wp-content\/uploads\/2022\/05\/Szkolne-procedury-maturalne-Linde.pdf\" target=\"_blank\" rel=\"noopener\">Wewn\u0105trzszkolne procedury organizowania i przeprowadzania egzaminu maturalnego w roku szkolnym 2021\/2022 w Liceum Akademickim linde.edu.pl w Poznaniu<\/a><\/p><\/div>\n\t\t\t\t<\/div>\n\t\t\t\t<\/div>\n\t\t\t\t\t<\/div>\n\t\t<\/div>\n\t\t\t\t\t\t\t<\/div>\n\t\t<\/section>\n\t\t\t\t\t\t<\/div>\n\t\t\t\t\t<\/div>\n\t\t","protected":false},"excerpt":{"rendered":"<p>Zapraszamy do zapoznania si\u0119 z dokumentami prawa szkolnego Liceum Akademickiego linde.edu.pl Statut Liceum Akademickiego linde.edu.pl Regulamin szko\u0142y Regulamin rekrutacji Regulamin rekrutacji do klas 2-4 Regulamin punktowego oceniania zachowania uczni\u00f3w Regulamin &#8230;<\/p>\n","protected":false},"author":1,"featured_media":0,"parent":0,"menu_order":0,"comment_status":"closed","ping_status":"closed","template":"","meta":[],"_links":{"self":[{"href":"https:\/\/linde.edu.pl\/index.php?rest_route=\/wp\/v2\/pages\/2013"}],"collection":[{"href":"https:\/\/linde.edu.pl\/index.php?rest_route=\/wp\/v2\/pages"}],"about":[{"href":"https:\/\/linde.edu.pl\/index.php?rest_route=\/wp\/v2\/types\/page"}],"author":[{"embeddable":true,"href":"https:\/\/linde.edu.pl\/index.php?rest_route=\/wp\/v2\/users\/1"}],"replies":[{"embeddable":true,"href":"https:\/\/linde.edu.pl\/index.php?rest_route=%2Fwp%2Fv2%2Fcomments&post=2013"}],"version-history":[{"count":22,"href":"https:\/\/linde.edu.pl\/index.php?rest_route=\/wp\/v2\/pages\/2013\/revisions"}],"predecessor-version":[{"id":2464,"href":"https:\/\/linde.edu.pl\/index.php?rest_route=\/wp\/v2\/pages\/2013\/revisions\/2464"}],"wp:attachment":[{"href":"https:\/\/linde.edu.pl\/index.php?rest_route=%2Fwp%2Fv2%2Fmedia&parent=2013"}],"curies":[{"name":"wp","href":"https:\/\/api.w.org\/{rel}","templated":true}]}}