{"id":2053,"date":"2022-03-10T21:38:12","date_gmt":"2022-03-10T20:38:12","guid":{"rendered":"https:\/\/linde.edu.pl\/?page_id=2053"},"modified":"2025-03-13T11:51:22","modified_gmt":"2025-03-13T10:51:22","slug":"zostan-uczniem-linde-2022-2023","status":"publish","type":"page","link":"https:\/\/linde.edu.pl\/?page_id=2053","title":{"rendered":"Zosta\u0144 uczniem Linde 2025\/2026"},"content":{"rendered":"\t\t<div data-elementor-type=\"wp-page\" data-elementor-id=\"2053\" class=\"elementor elementor-2053\" data-elementor-settings=\"[]\">\n\t\t\t\t\t\t\t<div class=\"elementor-section-wrap\">\n\t\t\t\t\t\t\t<section class=\"elementor-section elementor-top-section elementor-element elementor-element-64bec5f elementor-section-boxed elementor-section-height-default elementor-section-height-default\" data-id=\"64bec5f\" data-element_type=\"section\">\n\t\t\t\t\t\t<div class=\"elementor-container elementor-column-gap-default\">\n\t\t\t\t\t<div class=\"elementor-column elementor-col-100 elementor-top-column elementor-element elementor-element-559a6bb\" data-id=\"559a6bb\" data-element_type=\"column\">\n\t\t\t<div class=\"elementor-widget-wrap elementor-element-populated\">\n\t\t\t\t\t\t\t\t<div class=\"elementor-element elementor-element-c08befe elementor-widget elementor-widget-text-editor\" data-id=\"c08befe\" data-element_type=\"widget\" data-widget_type=\"text-editor.default\">\n\t\t\t\t<div class=\"elementor-widget-container\">\n\t\t\t\t\t<div class=\"elementor-text-editor elementor-clearfix\"><p><span style=\"font-weight: 400;\">Rekrutacja do klas pierwszych w Liceum Akademickim linde.edu.pl odbywa si\u0119 na podstawie systemu punktowego, wzorowanego na systemie przyj\u0119tym w rekrutacji do szk\u00f3\u0142 publicznych. Dzi\u0119ki temu proces rekrutacji jest dla kandydata czytelny i \u0142atwy do por\u00f3wnania.<\/span><\/p><p><span style=\"font-weight: 400;\">Czas rekrutacji podzielony jest na dwie cz\u0119\u015bci:<\/span><\/p><ul><li style=\"font-weight: 400;\" aria-level=\"1\"><span style=\"font-weight: 400;\">rekrutacj\u0119 podstawow\u0105<\/span><\/li><li style=\"font-weight: 400;\" aria-level=\"1\"><span style=\"font-weight: 400;\">rekrutacj\u0119 uzupe\u0142niaj\u0105c\u0105<\/span><\/li><\/ul><\/div>\n\t\t\t\t<\/div>\n\t\t\t\t<\/div>\n\t\t\t\t\t<\/div>\n\t\t<\/div>\n\t\t\t\t\t\t\t<\/div>\n\t\t<\/section>\n\t\t\t\t<section class=\"elementor-section elementor-top-section elementor-element elementor-element-52d4763 elementor-section-boxed elementor-section-height-default elementor-section-height-default\" data-id=\"52d4763\" data-element_type=\"section\">\n\t\t\t\t\t\t<div class=\"elementor-container elementor-column-gap-default\">\n\t\t\t\t\t<div class=\"elementor-column elementor-col-100 elementor-top-column elementor-element elementor-element-0a73085\" data-id=\"0a73085\" data-element_type=\"column\">\n\t\t\t<div class=\"elementor-widget-wrap elementor-element-populated\">\n\t\t\t\t\t\t\t\t<div class=\"elementor-element elementor-element-421a2e3 elementor-widget elementor-widget-accordion\" data-id=\"421a2e3\" data-element_type=\"widget\" data-widget_type=\"accordion.default\">\n\t\t\t\t<div class=\"elementor-widget-container\">\n\t\t\t\t\t<div class=\"elementor-accordion\" role=\"tablist\">\n\t\t\t\t\t\t\t<div class=\"elementor-accordion-item\">\n\t\t\t\t\t<div id=\"elementor-tab-title-6931\" class=\"elementor-tab-title\" data-tab=\"1\" role=\"tab\" aria-controls=\"elementor-tab-content-6931\" aria-expanded=\"false\">\n\t\t\t\t\t\t\t\t\t\t\t\t\t<span class=\"elementor-accordion-icon elementor-accordion-icon-left\" aria-hidden=\"true\">\n\t\t\t\t\t\t\t\t\t\t\t\t\t\t\t<span class=\"elementor-accordion-icon-closed\"><i class=\"fas fa-plus\"><\/i><\/span>\n\t\t\t\t\t\t\t\t<span class=\"elementor-accordion-icon-opened\"><i class=\"fas fa-minus\"><\/i><\/span>\n\t\t\t\t\t\t\t\t\t\t\t\t\t\t<\/span>\n\t\t\t\t\t\t\t\t\t\t\t\t<a class=\"elementor-accordion-title\" href=\"\">Rekrutacja podstawowa - do 31 maja 2025 r.<\/a>\n\t\t\t\t\t<\/div>\n\t\t\t\t\t<div id=\"elementor-tab-content-6931\" class=\"elementor-tab-content elementor-clearfix\" data-tab=\"1\" role=\"tabpanel\" aria-labelledby=\"elementor-tab-title-6931\"><p><b>Rekrutacja podstawowa<\/b><span style=\"font-weight: 400;\"> trwa do 31 maja 2025 r. Umo\u017cliwia ona zarezerwowanie miejsca w szkole jeszcze przed zako\u0144czeniem roku szkolnego.<\/span><\/p><p>Liceum Linde prowadzi r\u00f3wnie\u017c rekrutacj\u0119 uzupe\u0142niaj\u0105c\u0105.<\/p><p><b>Rekrutacja podstawowa prowadzona jest w 3 prostych krokach.<\/b><\/p><p><b>Krok pierwszy<\/b><span style=\"font-weight: 400;\"> to wype\u0142nienie formularza zg\u0142oszenia, w kt\u00f3rym podawane s\u0105 podstawowe dane przysz\u0142ego ucznia oraz oceny uzyskane za pierwszy okres roku szkolnego 2024\/2025 z przedmiot\u00f3w: j\u0119zyk polski, matematyka, j\u0119zyk angielski a tak\u017ce z przedmiotu, kt\u00f3ry Ucze\u0144 chce rozszerza\u0107 w Liceum Linde jako sw\u00f3j pierwszy wyb\u00f3r (np. geografia, biologia, fizyka, historia, WOS itp.). Je\u015bli wybranym jako pierwszy przedmiotem rozszerzanym jest j\u0119zyk polski lub matematyka nale\u017cy raz jeszcze wpisa\u0107 ocen\u0119 z tego przedmiotu. Oceny przeliczane s\u0105 na punkty (celuj\u0105cy \u2013 18 pkt, bardzo dobry \u2013 17 pkt, dobry \u2013 14 pkt, dostateczny \u2013 8 pkt, dopuszczaj\u0105cy \u2013 2 pkt).\u00a0<\/span><\/p><p><b>Krok drugi<\/b><span style=\"font-weight: 400;\"> to rozmowa, na kt\u00f3r\u0105 zapraszamy do szko\u0142y, w czasie kt\u00f3rej mo\u017cemy wzajemnie lepiej si\u0119 pozna\u0107. <\/span><span style=\"font-weight: 400;\">Na rozmow\u0119 zapraszamy Ucznia wraz z Rodzicami\/Opiekunami. W czasie rozmowy chcemy pozna\u0107 przysz\u0142ego ucznia, jego zainteresowania i motywacje dotycz\u0105ce wyboru szko\u0142y. Dla naszego Kandydata i jego Rodzic\u00f3w\/Opiekun\u00f3w, jest to tak\u017ce okazja by pozna\u0107 szko\u0142\u0119. Ch\u0119tnie odpowiemy na wszelkie pytania. Rozmowa r\u00f3wnie\u017c jest punktowana, uzyska\u0107 mo\u017cna do 10 punkt\u00f3w.<\/span><\/p><p><b>Krok trzeci<\/b><span style=\"font-weight: 400;\"> to decyzja. Je\u015bli suma punkt\u00f3w z ocen wyniesie 50 lub wi\u0119cej i jednocze\u015bnie z rozmowy 6 lub wi\u0119cej, mo\u017cna zarezerwowa\u0107 miejsce w Liceum Linde podpisuj\u0105c umow\u0119. Na jej podstawie Ucze\u0144 uzyskuje miejsce w Liceum Linde, kt\u00f3re jest gwarantowane. Przy podpisaniu umowy prosi\u0107 b\u0119dziemy o przed\u0142o\u017cenie za\u015bwiadczenia wystawionego przez szko\u0142\u0119 ucznia o ocenach uzyskanych na pierwsze p\u00f3\u0142rocze celem weryfikacji danych z formularza. Warunkiem utrzymania miejsca jest dostarczenie do szko\u0142y w ustalonym terminie kompletu dokument\u00f3w w oryginale: \u015bwiadectwa uko\u0144czenia szko\u0142y podstawowej oraz za\u015bwiadczenia o wynikach egzaminu \u00f3smoklasisty.<\/span><\/p><p><span style=\"font-weight: 400;\">Osoby, kt\u00f3re w rekrutacji podstawowej nie uzyska\u0142y wymaganej liczby punkt\u00f3w mog\u0105 wzi\u0105\u0107 udzia\u0142 w rekrutacji uzupe\u0142niaj\u0105cej.<\/span><\/p><\/div>\n\t\t\t\t<\/div>\n\t\t\t\t\t\t\t<div class=\"elementor-accordion-item\">\n\t\t\t\t\t<div id=\"elementor-tab-title-6932\" class=\"elementor-tab-title\" data-tab=\"2\" role=\"tab\" aria-controls=\"elementor-tab-content-6932\" aria-expanded=\"false\">\n\t\t\t\t\t\t\t\t\t\t\t\t\t<span class=\"elementor-accordion-icon elementor-accordion-icon-left\" aria-hidden=\"true\">\n\t\t\t\t\t\t\t\t\t\t\t\t\t\t\t<span class=\"elementor-accordion-icon-closed\"><i class=\"fas fa-plus\"><\/i><\/span>\n\t\t\t\t\t\t\t\t<span class=\"elementor-accordion-icon-opened\"><i class=\"fas fa-minus\"><\/i><\/span>\n\t\t\t\t\t\t\t\t\t\t\t\t\t\t<\/span>\n\t\t\t\t\t\t\t\t\t\t\t\t<a class=\"elementor-accordion-title\" href=\"\">Rekrutacja uzupe\u0142niaj\u0105ca<\/a>\n\t\t\t\t\t<\/div>\n\t\t\t\t\t<div id=\"elementor-tab-content-6932\" class=\"elementor-tab-content elementor-clearfix\" data-tab=\"2\" role=\"tabpanel\" aria-labelledby=\"elementor-tab-title-6932\"><p><b>Rekrutacja uzupe\u0142niaj\u0105ca<\/b><span style=\"font-weight: 400;\"> prowadzona jest od czerwca i r\u00f3wnie\u017c przebiega w 3 prostych krokach.<\/span><\/p><p><b>Krok 1<\/b><span style=\"font-weight: 400;\">, nale\u017cy wype\u0142ni\u0107 formularz zg\u0142oszenia (je\u015bli kandydat bra\u0142 udzia\u0142 w rekrutacji podstawowej nale\u017cy formularz wype\u0142ni\u0107 ponownie), w kt\u00f3rym podawane s\u0105 podstawowe dane przysz\u0142ego ucznia oraz wyniki egzaminu \u00f3smoklasisty i oceny ze \u015bwiadectwa uko\u0144czenia szko\u0142y podstawowej z przedmiot\u00f3w: j\u0119zyk polski, j\u0119zyk angielski, matematyka, a tak\u017ce z przedmiotu, kt\u00f3ry Ucze\u0144 chce rozszerza\u0107 w Liceum Linde jako sw\u00f3j pierwszy wyb\u00f3r (np. geografia, biologia, fizyka, historia, WOS itp.). Je\u015bli wybranym jako pierwszy przedmiotem rozszerzanym jest j\u0119zyk polski lub matematyka nale\u017cy raz jeszcze wpisa\u0107 ocen\u0119 z tego przedmiotu. Oceny przeliczane s\u0105 na punkty (celuj\u0105cy \u2013 18 pkt, bardzo dobry \u2013 17 pkt, dobry \u2013 14 pkt, dostateczny \u2013 8 pkt, dopuszczaj\u0105cy \u2013 2 pkt).\u00a0 Na punkty przeliczane b\u0119d\u0105 r\u00f3wnie\u017c wyniki z egzaminu \u00f3smoklasisty (wynik procentowy mno\u017cony b\u0119dzie przez odpowiedni wska\u017anik: j\u0119zyk polski 0,35, matematyka 0,35, j\u0119zyk angielski 0,3).<\/span><\/p><p><b>Krok drugi<\/b><span style=\"font-weight: 400;\"> to rozmowa prowadzona w szkole, w czasie kt\u00f3rej mo\u017cemy wzajemnie lepiej si\u0119 pozna\u0107. <\/span><span style=\"font-weight: 400;\">Na rozmow\u0119 zapraszamy Ucznia wraz z Rodzicami\/Opiekunami. W czasie rozmowy chcemy pozna\u0107 przysz\u0142ego ucznia, jego zainteresowania i motywacje dotycz\u0105ce wyboru szko\u0142y. Dla naszego Kandydata i jego Rodzic\u00f3w\/Opiekun\u00f3w, jest to tak\u017ce okazja by pozna\u0107 szko\u0142\u0119. Ch\u0119tnie odpowiemy na wszelkie pytania. Rozmowa r\u00f3wnie\u017c jest punktowana, uzyska\u0107 mo\u017cna do 10 punkt\u00f3w.<\/span><\/p><p><b>Krok trzeci <\/b><span style=\"font-weight: 400;\">to decyzja. Je\u015bli suma punkt\u00f3w z ocen i wynik\u00f3w egzaminu \u00f3smoklasisty wyniesie 100 i wi\u0119cej oraz z rozmowy wyniesie 6 i wi\u0119cej, kandydat mo\u017ce ju\u017c czu\u0107 si\u0119 uczniem Liceum Linde. Ostatecznym potwierdzeniem b\u0119dzie z\u0142o\u017cenie kompletu dokument\u00f3w w oryginale (\u015bwiadectwo uko\u0144czenia szko\u0142y podstawowej oraz za\u015bwiadczenie o wynikach egzaminu \u00f3smoklasisty) i podpisanie przez Rodzic\u00f3w\/Opiekun\u00f3w umowy o nauk\u0119.<\/span><\/p><\/div>\n\t\t\t\t<\/div>\n\t\t\t\t\t<\/div>\n\t\t\t\t<\/div>\n\t\t\t\t<\/div>\n\t\t\t\t\t<\/div>\n\t\t<\/div>\n\t\t\t\t\t\t\t<\/div>\n\t\t<\/section>\n\t\t\t\t<section class=\"elementor-section elementor-top-section elementor-element elementor-element-6f0852d elementor-section-boxed elementor-section-height-default elementor-section-height-default\" data-id=\"6f0852d\" data-element_type=\"section\">\n\t\t\t\t\t\t<div class=\"elementor-container elementor-column-gap-default\">\n\t\t\t\t\t<div class=\"elementor-column elementor-col-100 elementor-top-column elementor-element elementor-element-936d9bb\" data-id=\"936d9bb\" data-element_type=\"column\">\n\t\t\t<div class=\"elementor-widget-wrap elementor-element-populated\">\n\t\t\t\t\t\t\t\t<div class=\"elementor-element elementor-element-b59e089 elementor-widget elementor-widget-text-editor\" data-id=\"b59e089\" data-element_type=\"widget\" data-widget_type=\"text-editor.default\">\n\t\t\t\t<div class=\"elementor-widget-container\">\n\t\t\t\t\t<div class=\"elementor-text-editor elementor-clearfix\"><p><a href=\"https:\/\/linde.edu.pl\/?page_id=2051\" target=\"_blank\" rel=\"noopener\">Regulamin rekrutacji do klas pierwszych w roku szkolnym 2023\/2024<\/a><\/p><\/div>\n\t\t\t\t<\/div>\n\t\t\t\t<\/div>\n\t\t\t\t\t<\/div>\n\t\t<\/div>\n\t\t\t\t\t\t\t<\/div>\n\t\t<\/section>\n\t\t\t\t\t\t<\/div>\n\t\t\t\t\t<\/div>\n\t\t","protected":false},"excerpt":{"rendered":"<p>Rekrutacja do klas pierwszych w Liceum Akademickim linde.edu.pl odbywa si\u0119 na podstawie systemu punktowego, wzorowanego na systemie przyj\u0119tym w rekrutacji do szk\u00f3\u0142 publicznych. Dzi\u0119ki temu proces rekrutacji jest dla kandydata &#8230;<\/p>\n","protected":false},"author":1,"featured_media":0,"parent":0,"menu_order":0,"comment_status":"closed","ping_status":"closed","template":"","meta":[],"_links":{"self":[{"href":"https:\/\/linde.edu.pl\/index.php?rest_route=\/wp\/v2\/pages\/2053"}],"collection":[{"href":"https:\/\/linde.edu.pl\/index.php?rest_route=\/wp\/v2\/pages"}],"about":[{"href":"https:\/\/linde.edu.pl\/index.php?rest_route=\/wp\/v2\/types\/page"}],"author":[{"embeddable":true,"href":"https:\/\/linde.edu.pl\/index.php?rest_route=\/wp\/v2\/users\/1"}],"replies":[{"embeddable":true,"href":"https:\/\/linde.edu.pl\/index.php?rest_route=%2Fwp%2Fv2%2Fcomments&post=2053"}],"version-history":[{"count":26,"href":"https:\/\/linde.edu.pl\/index.php?rest_route=\/wp\/v2\/pages\/2053\/revisions"}],"predecessor-version":[{"id":2479,"href":"https:\/\/linde.edu.pl\/index.php?rest_route=\/wp\/v2\/pages\/2053\/revisions\/2479"}],"wp:attachment":[{"href":"https:\/\/linde.edu.pl\/index.php?rest_route=%2Fwp%2Fv2%2Fmedia&parent=2053"}],"curies":[{"name":"wp","href":"https:\/\/api.w.org\/{rel}","templated":true}]}}