{"id":2311,"date":"2023-09-21T15:09:08","date_gmt":"2023-09-21T13:09:08","guid":{"rendered":"https:\/\/linde.edu.pl\/?page_id=2311"},"modified":"2023-09-21T15:27:12","modified_gmt":"2023-09-21T13:27:12","slug":"mlegitymacja","status":"publish","type":"page","link":"https:\/\/linde.edu.pl\/?page_id=2311","title":{"rendered":"mLEGITYMACJA"},"content":{"rendered":"<p><a href=\"https:\/\/linde.edu.pl\/wp-content\/uploads\/2023\/09\/Wniosek-mLegitymacja.pdf\">INFORMACJE JAK Z\u0141O\u017bY\u0106 WNIOSEK ORAZ WZ\u00d3R WNIOSKU<\/a><\/p>\n<p><a href=\"https:\/\/linde.edu.pl\/wp-content\/uploads\/2023\/09\/Instrukcja-instalacji-mLegitymacji-dla-uczniow-i-studentow-1.0.pdf\">INSTRUKCJA MC INSTALACJI mLEGITYMACJI<\/a><\/p>\n<p><a href=\"https:\/\/linde.edu.pl\/wp-content\/uploads\/2023\/09\/Regulamin-mlegitymacja.pdf\">REGULAMIN US\u0141UGI mLEGITYMACJA SZKOLNA W APLIKACJI mOBYWATEL<\/a><\/p>\n","protected":false},"excerpt":{"rendered":"<p>INFORMACJE JAK Z\u0141O\u017bY\u0106 WNIOSEK ORAZ WZ\u00d3R WNIOSKU INSTRUKCJA MC INSTALACJI mLEGITYMACJI REGULAMIN US\u0141UGI mLEGITYMACJA SZKOLNA W APLIKACJI mOBYWATEL<\/p>\n","protected":false},"author":1,"featured_media":0,"parent":0,"menu_order":0,"comment_status":"closed","ping_status":"closed","template":"","meta":[],"_links":{"self":[{"href":"https:\/\/linde.edu.pl\/index.php?rest_route=\/wp\/v2\/pages\/2311"}],"collection":[{"href":"https:\/\/linde.edu.pl\/index.php?rest_route=\/wp\/v2\/pages"}],"about":[{"href":"https:\/\/linde.edu.pl\/index.php?rest_route=\/wp\/v2\/types\/page"}],"author":[{"embeddable":true,"href":"https:\/\/linde.edu.pl\/index.php?rest_route=\/wp\/v2\/users\/1"}],"replies":[{"embeddable":true,"href":"https:\/\/linde.edu.pl\/index.php?rest_route=%2Fwp%2Fv2%2Fcomments&post=2311"}],"version-history":[{"count":3,"href":"https:\/\/linde.edu.pl\/index.php?rest_route=\/wp\/v2\/pages\/2311\/revisions"}],"predecessor-version":[{"id":2316,"href":"https:\/\/linde.edu.pl\/index.php?rest_route=\/wp\/v2\/pages\/2311\/revisions\/2316"}],"wp:attachment":[{"href":"https:\/\/linde.edu.pl\/index.php?rest_route=%2Fwp%2Fv2%2Fmedia&parent=2311"}],"curies":[{"name":"wp","href":"https:\/\/api.w.org\/{rel}","templated":true}]}}