{"id":2713,"date":"2025-07-04T11:17:14","date_gmt":"2025-07-04T09:17:14","guid":{"rendered":"https:\/\/linde.edu.pl\/?page_id=2713"},"modified":"2025-07-04T11:25:07","modified_gmt":"2025-07-04T09:25:07","slug":"opinie","status":"publish","type":"page","link":"https:\/\/linde.edu.pl\/?page_id=2713","title":{"rendered":"OPINIE"},"content":{"rendered":"\n\n<div class=\"su-posts su-posts-default-loop \">\n\n\t\n\t\t\t\t\t\n\t\t\t\n\t\t\t<div id=\"su-post-2677\" class=\"su-post \">\n\n\t\t\t\t\n\t\t\t\t<h2 class=\"su-post-title\"><a href=\"https:\/\/linde.edu.pl\/?p=2677\">Rodzice m\u00f3wi\u0105&#8230; o przeniesieniu z innej szko\u0142y<\/a><\/h2>\n\n\t\t\t\t<div class=\"su-post-meta\">\n\t\t\t\t\tOpublikowano: 4 lipca 2025\t\t\t\t<\/div>\n\n\t\t\t\t<div class=\"su-post-excerpt\">\n\t\t\t\t\t<p>Syn zosta\u0142 ciep\u0142o przyj\u0119ty w szkole pomimo tego, \u017ce zmienili\u015bmy szko\u0142\u0119 2 miesi\u0105ce przed ko\u0144cem roku szkolnego. To by\u0142a \u015bwietna decyzja. Przyjazna kadra, fajna m\u0142odzie\u017c. Mo\u017cliwo\u015b\u0107 sp\u0119dzenia dnia pr\u00f3bnego przed &#8230;<\/p>\n\t\t\t\t<\/div>\n\n\t\t\t\t\t\t\t\t\t<a href=\"https:\/\/linde.edu.pl\/?p=2677#respond\" class=\"su-post-comments-link\">0 komentarzy<\/a>\n\t\t\t\t\n\t\t\t<\/div>\n\n\t\t\t\t\t\n\t\t\t\n\t\t\t<div id=\"su-post-2675\" class=\"su-post \">\n\n\t\t\t\t\n\t\t\t\t<h2 class=\"su-post-title\"><a href=\"https:\/\/linde.edu.pl\/?p=2675\">Rodzice m\u00f3wi\u0105&#8230; o atmosferze w szkole<\/a><\/h2>\n\n\t\t\t\t<div class=\"su-post-meta\">\n\t\t\t\t\tOpublikowano: 4 lipca 2025\t\t\t\t<\/div>\n\n\t\t\t\t<div class=\"su-post-excerpt\">\n\t\t\t\t\t<p>Liceum Linde jest wyj\u0105tkowym miejscem. Kameralnym, bezpiecznym i akceptuj\u0105cym potrzeby uczni\u00f3w. Tworz\u0105 je zaanga\u017cowani, serdeczni nauczyciele oraz aktywnie wspieraj\u0105cy zesp\u00f3\u0142 psychologiczno-pedagogiczny. W spo\u0142eczno\u015bci szkolnej nie ma anonimowo\u015bci, uczniowie czuj\u0105 si\u0119 &#8230;<\/p>\n\t\t\t\t<\/div>\n\n\t\t\t\t\t\t\t\t\t<a href=\"https:\/\/linde.edu.pl\/?p=2675#respond\" class=\"su-post-comments-link\">0 komentarzy<\/a>\n\t\t\t\t\n\t\t\t<\/div>\n\n\t\t\t\t\t\n\t\t\t\n\t\t\t<div id=\"su-post-2673\" class=\"su-post \">\n\n\t\t\t\t\n\t\t\t\t<h2 class=\"su-post-title\"><a href=\"https:\/\/linde.edu.pl\/?p=2673\">Rodzice m\u00f3wi\u0105&#8230; o zrozumieniu, wsparciu i rozwoju<\/a><\/h2>\n\n\t\t\t\t<div class=\"su-post-meta\">\n\t\t\t\t\tOpublikowano: 4 lipca 2025\t\t\t\t<\/div>\n\n\t\t\t\t<div class=\"su-post-excerpt\">\n\t\t\t\t\t<p>M\u00f3j syn ju\u017c drugi rok uczy si\u0119 w Linde i mog\u0119 z pe\u0142nym przekonaniem powiedzie\u0107, \u017ce to miejsce wyj\u0105tkowe. Syn ma wok\u00f3\u0142 siebie pedagog\u00f3w-pasjonat\u00f3w, kt\u00f3rzy nie tylko doskonale znaj\u0105 sw\u00f3j &#8230;<\/p>\n\t\t\t\t<\/div>\n\n\t\t\t\t\t\t\t\t\t<a href=\"https:\/\/linde.edu.pl\/?p=2673#respond\" class=\"su-post-comments-link\">0 komentarzy<\/a>\n\t\t\t\t\n\t\t\t<\/div>\n\n\t\t\t\t\t\n\t\t\t\n\t\t\t<div id=\"su-post-2671\" class=\"su-post \">\n\n\t\t\t\t\n\t\t\t\t<h2 class=\"su-post-title\"><a href=\"https:\/\/linde.edu.pl\/?p=2671\">Rodzice m\u00f3wi\u0105&#8230; o tym jak wa\u017cni s\u0105 ludzie i w\u0142a\u015bciwa szko\u0142a<\/a><\/h2>\n\n\t\t\t\t<div class=\"su-post-meta\">\n\t\t\t\t\tOpublikowano: 4 lipca 2025\t\t\t\t<\/div>\n\n\t\t\t\t<div class=\"su-post-excerpt\">\n\t\t\t\t\t<p>Witam serdecznie pani Zuziu i chcia\u0142abym si\u0119 podzieli\u0107 kr\u00f3tk\u0105 opini\u0105 z naszej perspektywy o &#8220;Linde&#8221; w odniesieniu do tego, czego naprawd\u0119 potrzebuj\u0105 bardziej, ni\u017c kiedykolwiek dzisiejsze dzieci. Dla nas z &#8230;<\/p>\n\t\t\t\t<\/div>\n\n\t\t\t\t\t\t\t\t\t<a href=\"https:\/\/linde.edu.pl\/?p=2671#respond\" class=\"su-post-comments-link\">0 komentarzy<\/a>\n\t\t\t\t\n\t\t\t<\/div>\n\n\t\t\t\t\t\n\t\t\t\n\t\t\t<div id=\"su-post-2599\" class=\"su-post \">\n\n\t\t\t\t\n\t\t\t\t<h2 class=\"su-post-title\"><a href=\"https:\/\/linde.edu.pl\/?p=2599\">Rodzice m\u00f3wi\u0105&#8230; o przestrzeni do dzia\u0142ania<\/a><\/h2>\n\n\t\t\t\t<div class=\"su-post-meta\">\n\t\t\t\t\tOpublikowano: 23 czerwca 2025\t\t\t\t<\/div>\n\n\t\t\t\t<div class=\"su-post-excerpt\">\n\t\t\t\t\t<p>Moim zdaniem Linde daje bardzo du\u017co mo\u017cliwo\u015bci rozwoju na ka\u017cdej p\u0142aszczy\u017anie. M\u0142odzie\u017c dostaje zielone \u015bwiat\u0142o i wsparcie, by realizowa\u0107 w\u0142asne projekty i pomys\u0142y. Bardzo doceniam kadr\u0119 nauczycielsk\u0105 i jej zaanga\u017cowanie. &#8230;<\/p>\n\t\t\t\t<\/div>\n\n\t\t\t\t\t\t\t\t\t<a href=\"https:\/\/linde.edu.pl\/?p=2599#respond\" class=\"su-post-comments-link\">0 komentarzy<\/a>\n\t\t\t\t\n\t\t\t<\/div>\n\n\t\t\t\t\t\n\t\t\t\n\t\t\t<div id=\"su-post-2597\" class=\"su-post \">\n\n\t\t\t\t\n\t\t\t\t<h2 class=\"su-post-title\"><a href=\"https:\/\/linde.edu.pl\/?p=2597\">Rodzice m\u00f3wi\u0105&#8230; o ludziach w szkole<\/a><\/h2>\n\n\t\t\t\t<div class=\"su-post-meta\">\n\t\t\t\t\tOpublikowano: 23 czerwca 2025\t\t\t\t<\/div>\n\n\t\t\t\t<div class=\"su-post-excerpt\">\n\t\t\t\t\t<p>Bardzo ceni\u0119 szko\u0142\u0119 za fantastyczny zesp\u00f3\u0142 \u2013 od kadry nauczycielskiej, przez psycholog\u00f3w i pedagog\u00f3w, a\u017c po personel ni\u017cszego szczebla. Jestem wdzi\u0119czna za wsparcie i zrozumienie w trudnych chwilach, zar\u00f3wno ze &#8230;<\/p>\n\t\t\t\t<\/div>\n\n\t\t\t\t\t\t\t\t\t<a href=\"https:\/\/linde.edu.pl\/?p=2597#respond\" class=\"su-post-comments-link\">0 komentarzy<\/a>\n\t\t\t\t\n\t\t\t<\/div>\n\n\t\t\t\t\t\n\t\t\t\n\t\t\t<div id=\"su-post-2595\" class=\"su-post \">\n\n\t\t\t\t\n\t\t\t\t<h2 class=\"su-post-title\"><a href=\"https:\/\/linde.edu.pl\/?p=2595\">Rodzice m\u00f3wi\u0105&#8230; o kadrze<\/a><\/h2>\n\n\t\t\t\t<div class=\"su-post-meta\">\n\t\t\t\t\tOpublikowano: 23 czerwca 2025\t\t\t\t<\/div>\n\n\t\t\t\t<div class=\"su-post-excerpt\">\n\t\t\t\t\t<p>Niesamowicie mi\u0142a kadra, kt\u00f3ra ma ludzkie podej\u015bcie do ucznia. \u2013 Mama ucznia klasy 2<\/p>\n\t\t\t\t<\/div>\n\n\t\t\t\t\t\t\t\t\t<a href=\"https:\/\/linde.edu.pl\/?p=2595#respond\" class=\"su-post-comments-link\">0 komentarzy<\/a>\n\t\t\t\t\n\t\t\t<\/div>\n\n\t\t\t\t\t\n\t\t\t\n\t\t\t<div id=\"su-post-2593\" class=\"su-post \">\n\n\t\t\t\t\n\t\t\t\t<h2 class=\"su-post-title\"><a href=\"https:\/\/linde.edu.pl\/?p=2593\">Rodzice m\u00f3wi\u0105&#8230; o samorz\u0105dzie i o szkole<\/a><\/h2>\n\n\t\t\t\t<div class=\"su-post-meta\">\n\t\t\t\t\tOpublikowano: 23 czerwca 2025\t\t\t\t<\/div>\n\n\t\t\t\t<div class=\"su-post-excerpt\">\n\t\t\t\t\t<p>Pan Dyrektor nie chowa si\u0119 w gabinecie za stosem papier\u00f3w, jest dost\u0119pny dla uczni\u00f3w. Dzi\u0119ki ma\u0142ym klasom nauczyciele maj\u0105 mo\u017cliwo\u015b\u0107 lepszego wyja\u015bnienia materia\u0142u i po\u015bwi\u0119cenia wi\u0119kszej uwagi ka\u017cdemu uczniowi. Nikt &#8230;<\/p>\n\t\t\t\t<\/div>\n\n\t\t\t\t\t\t\t\t\t<a href=\"https:\/\/linde.edu.pl\/?p=2593#respond\" class=\"su-post-comments-link\">0 komentarzy<\/a>\n\t\t\t\t\n\t\t\t<\/div>\n\n\t\t\t\t\t\n\t\t\t\n\t\t\t<div id=\"su-post-2591\" class=\"su-post \">\n\n\t\t\t\t\n\t\t\t\t<h2 class=\"su-post-title\"><a href=\"https:\/\/linde.edu.pl\/?p=2591\">Rodzice m\u00f3wi\u0105&#8230; o wsp\u00f3\u0142pracy i problemach<\/a><\/h2>\n\n\t\t\t\t<div class=\"su-post-meta\">\n\t\t\t\t\tOpublikowano: 23 czerwca 2025\t\t\t\t<\/div>\n\n\t\t\t\t<div class=\"su-post-excerpt\">\n\t\t\t\t\t<p>Szko\u0142a przyjazna uczniowi, w kt\u00f3rej ka\u017cdy czuje si\u0119 bezpiecznie, akceptowany i wa\u017cny. To przestrze\u0144 otwarta na dialog, zaufanie i wzajemny szacunek &#8211; zar\u00f3wno mi\u0119dzy uczniami, jak i nauczycielami. Taka szko\u0142a &#8230;<\/p>\n\t\t\t\t<\/div>\n\n\t\t\t\t\t\t\t\t\t<a href=\"https:\/\/linde.edu.pl\/?p=2591#respond\" class=\"su-post-comments-link\">0 komentarzy<\/a>\n\t\t\t\t\n\t\t\t<\/div>\n\n\t\t\t\t\t\n\t\t\t\n\t\t\t<div id=\"su-post-2589\" class=\"su-post \">\n\n\t\t\t\t\n\t\t\t\t<h2 class=\"su-post-title\"><a href=\"https:\/\/linde.edu.pl\/?p=2589\">Rodzice m\u00f3wi\u0105&#8230; o wsparciu pedagogiczno-psychologicznym<\/a><\/h2>\n\n\t\t\t\t<div class=\"su-post-meta\">\n\t\t\t\t\tOpublikowano: 23 czerwca 2025\t\t\t\t<\/div>\n\n\t\t\t\t<div class=\"su-post-excerpt\">\n\t\t\t\t\t<p>Szko\u0142a dla tych, kt\u00f3rzy do tej pory pozostawali w cieniu. W Linde dzia\u0142a wysokiej klasy wsparcie psychologiczno-pedagogiczne. To jest szko\u0142a, w kt\u00f3rej psycholog jest zawsze tam, gdzie trzeba. Mo\u017cna przyj\u015b\u0107 &#8230;<\/p>\n\t\t\t\t<\/div>\n\n\t\t\t\t\t\t\t\t\t<a href=\"https:\/\/linde.edu.pl\/?p=2589#respond\" class=\"su-post-comments-link\">0 komentarzy<\/a>\n\t\t\t\t\n\t\t\t<\/div>\n\n\t\t\t\t\t\n\t\t\t\n\t\t\t<div id=\"su-post-2587\" class=\"su-post \">\n\n\t\t\t\t\n\t\t\t\t<h2 class=\"su-post-title\"><a href=\"https:\/\/linde.edu.pl\/?p=2587\">Rodzice m\u00f3wi\u0105&#8230; o zrozumieniu<\/a><\/h2>\n\n\t\t\t\t<div class=\"su-post-meta\">\n\t\t\t\t\tOpublikowano: 23 czerwca 2025\t\t\t\t<\/div>\n\n\t\t\t\t<div class=\"su-post-excerpt\">\n\t\t\t\t\t<p>Szko\u0142a daj\u0105ca uczniom przestrze\u0144, wsparcie i zrozumienie. \u2013 Joanna Mazur, mama Macieja z 3C<\/p>\n\t\t\t\t<\/div>\n\n\t\t\t\t\t\t\t\t\t<a href=\"https:\/\/linde.edu.pl\/?p=2587#respond\" class=\"su-post-comments-link\">0 komentarzy<\/a>\n\t\t\t\t\n\t\t\t<\/div>\n\n\t\t\t\t\t\n\t\t\t\n\t\t\t<div id=\"su-post-2585\" class=\"su-post \">\n\n\t\t\t\t\n\t\t\t\t<h2 class=\"su-post-title\"><a href=\"https:\/\/linde.edu.pl\/?p=2585\">Rodzice m\u00f3wi\u0105&#8230; o bezpiecznej szkole<\/a><\/h2>\n\n\t\t\t\t<div class=\"su-post-meta\">\n\t\t\t\t\tOpublikowano: 23 czerwca 2025\t\t\t\t<\/div>\n\n\t\t\t\t<div class=\"su-post-excerpt\">\n\t\t\t\t\t<p>Jestem ogromnie wdzi\u0119czna, \u017ce moja c\u00f3rka ucz\u0119szcza w\u0142a\u015bnie do Linde. To miejsce, w kt\u00f3rym m\u0142ody cz\u0142owiek nie tylko zdobywa wiedz\u0119, ale przede wszystkim czuje si\u0119 bezpiecznie, zrozumiany i zaopiekowany. Szko\u0142a &#8230;<\/p>\n\t\t\t\t<\/div>\n\n\t\t\t\t\t\t\t\t\t<a href=\"https:\/\/linde.edu.pl\/?p=2585#respond\" class=\"su-post-comments-link\">0 komentarzy<\/a>\n\t\t\t\t\n\t\t\t<\/div>\n\n\t\t\t\t\t\n\t\t\t\n\t\t\t<div id=\"su-post-2583\" class=\"su-post \">\n\n\t\t\t\t\n\t\t\t\t<h2 class=\"su-post-title\"><a href=\"https:\/\/linde.edu.pl\/?p=2583\">Rodzice m\u00f3wi\u0105&#8230; o rozwoju zainteresowa\u0144<\/a><\/h2>\n\n\t\t\t\t<div class=\"su-post-meta\">\n\t\t\t\t\tOpublikowano: 23 czerwca 2025\t\t\t\t<\/div>\n\n\t\t\t\t<div class=\"su-post-excerpt\">\n\t\t\t\t\t<p>Nauczyciele ucz\u0105cy w Linde s\u0105 niezwykle zaanga\u017cowani. Wspieraj\u0105 swoich uczni\u00f3w, potrafi\u0105 by\u0107 wymagaj\u0105cy, ale jednocze\u015bnie wyrozumiali. W szkole panuje \u015bwietna atmosfera, odbywa si\u0119 du\u017co ciekawych inicjatyw. Tutaj ucze\u0144 mo\u017ce realizowa\u0107 &#8230;<\/p>\n\t\t\t\t<\/div>\n\n\t\t\t\t\t\t\t\t\t<a href=\"https:\/\/linde.edu.pl\/?p=2583#respond\" class=\"su-post-comments-link\">0 komentarzy<\/a>\n\t\t\t\t\n\t\t\t<\/div>\n\n\t\t\t\t\t\n\t\t\t\n\t\t\t<div id=\"su-post-2581\" class=\"su-post \">\n\n\t\t\t\t\n\t\t\t\t<h2 class=\"su-post-title\"><a href=\"https:\/\/linde.edu.pl\/?p=2581\">Rodzice m\u00f3wi\u0105&#8230; o wsp\u00f3\u0142pracy i rozwoju Ucznia<\/a><\/h2>\n\n\t\t\t\t<div class=\"su-post-meta\">\n\t\t\t\t\tOpublikowano: 23 czerwca 2025\t\t\t\t<\/div>\n\n\t\t\t\t<div class=\"su-post-excerpt\">\n\t\t\t\t\t<p>Dla nas najwa\u017cniejsz\u0105 zalet\u0105 szko\u0142y jest wsp\u00f3lna praca nad pozytywnym rozwojem ucznia w\u015br\u00f3d r\u00f3wie\u015bnik\u00f3w i zdrowym budowaniem relacji. Nauczyciele nie naciskaj\u0105 na przyswajanie wiedzy za wszelk\u0105 cen\u0119, nie ma \u201ewy\u015bcigu &#8230;<\/p>\n\t\t\t\t<\/div>\n\n\t\t\t\t\t\t\t\t\t<a href=\"https:\/\/linde.edu.pl\/?p=2581#respond\" class=\"su-post-comments-link\">0 komentarzy<\/a>\n\t\t\t\t\n\t\t\t<\/div>\n\n\t\t\t\t\t\n\t\t\t\n\t\t\t<div id=\"su-post-2579\" class=\"su-post \">\n\n\t\t\t\t\n\t\t\t\t<h2 class=\"su-post-title\"><a href=\"https:\/\/linde.edu.pl\/?p=2579\">Rodzice m\u00f3wi\u0105&#8230; o klasach<\/a><\/h2>\n\n\t\t\t\t<div class=\"su-post-meta\">\n\t\t\t\t\tOpublikowano: 23 czerwca 2025\t\t\t\t<\/div>\n\n\t\t\t\t<div class=\"su-post-excerpt\">\n\t\t\t\t\t<p>Ma\u0142e klasy, fajna atmosfera, pomocni nauczyciele. Gor\u0105co polecam Linde, bo jest to szko\u0142a, do kt\u00f3rej z przyjemno\u015bci\u0105 chodzi m\u00f3j syn. Dla mnie jako rodzica to najlepszy dow\u00f3d na wyj\u0105tkowo\u015b\u0107 tej &#8230;<\/p>\n\t\t\t\t<\/div>\n\n\t\t\t\t\t\t\t\t\t<a href=\"https:\/\/linde.edu.pl\/?p=2579#respond\" class=\"su-post-comments-link\">0 komentarzy<\/a>\n\t\t\t\t\n\t\t\t<\/div>\n\n\t\t\t\t\t\n\t\t\t\n\t\t\t<div id=\"su-post-2577\" class=\"su-post \">\n\n\t\t\t\t\n\t\t\t\t<h2 class=\"su-post-title\"><a href=\"https:\/\/linde.edu.pl\/?p=2577\">Rodzice m\u00f3wi\u0105&#8230; o nauczycielach i atmosferze<\/a><\/h2>\n\n\t\t\t\t<div class=\"su-post-meta\">\n\t\t\t\t\tOpublikowano: 23 czerwca 2025\t\t\t\t<\/div>\n\n\t\t\t\t<div class=\"su-post-excerpt\">\n\t\t\t\t\t<p>To szko\u0142a, w kt\u00f3rej dziecko nie jest tylko \u201enumerkiem w dzienniku\u201d, lecz naprawd\u0119 wa\u017cn\u0105 osob\u0105. Klasy s\u0105 ma\u0142e, dzi\u0119ki czemu nauczyciele maj\u0105 czas i przestrze\u0144, by dostrzega\u0107 ucznia, a nie &#8230;<\/p>\n\t\t\t\t<\/div>\n\n\t\t\t\t\t\t\t\t\t<a href=\"https:\/\/linde.edu.pl\/?p=2577#respond\" class=\"su-post-comments-link\">0 komentarzy<\/a>\n\t\t\t\t\n\t\t\t<\/div>\n\n\t\t\t\t\t\n\t\t\t\n\t\t\t<div id=\"su-post-2572\" class=\"su-post \">\n\n\t\t\t\t\n\t\t\t\t<h2 class=\"su-post-title\"><a href=\"https:\/\/linde.edu.pl\/?p=2572\">Rodzice m\u00f3wi\u0105&#8230; o zaj\u0119ciach i otwarto\u015bci<\/a><\/h2>\n\n\t\t\t\t<div class=\"su-post-meta\">\n\t\t\t\t\tOpublikowano: 23 czerwca 2025\t\t\t\t<\/div>\n\n\t\t\t\t<div class=\"su-post-excerpt\">\n\t\t\t\t\t<p>Zaj\u0119cia s\u0105 prowadzone w ciekawy i anga\u017cuj\u0105cy spos\u00f3b, co motywuje uczni\u00f3w do nauki. Doceniamy r\u00f3wnie\u017c doskona\u0142\u0105 wsp\u00f3\u0142prac\u0119 z innymi rodzicami &#8211; szko\u0142a jest bardzo otwarta na dialog. Justyna Cisek, mama &#8230;<\/p>\n\t\t\t\t<\/div>\n\n\t\t\t\t\t\t\t\t\t<a href=\"https:\/\/linde.edu.pl\/?p=2572#respond\" class=\"su-post-comments-link\">0 komentarzy<\/a>\n\t\t\t\t\n\t\t\t<\/div>\n\n\t\t\n\t\n<\/div>\n\n","protected":false},"excerpt":{"rendered":"","protected":false},"author":1,"featured_media":0,"parent":0,"menu_order":0,"comment_status":"closed","ping_status":"closed","template":"","meta":[],"_links":{"self":[{"href":"https:\/\/linde.edu.pl\/index.php?rest_route=\/wp\/v2\/pages\/2713"}],"collection":[{"href":"https:\/\/linde.edu.pl\/index.php?rest_route=\/wp\/v2\/pages"}],"about":[{"href":"https:\/\/linde.edu.pl\/index.php?rest_route=\/wp\/v2\/types\/page"}],"author":[{"embeddable":true,"href":"https:\/\/linde.edu.pl\/index.php?rest_route=\/wp\/v2\/users\/1"}],"replies":[{"embeddable":true,"href":"https:\/\/linde.edu.pl\/index.php?rest_route=%2Fwp%2Fv2%2Fcomments&post=2713"}],"version-history":[{"count":4,"href":"https:\/\/linde.edu.pl\/index.php?rest_route=\/wp\/v2\/pages\/2713\/revisions"}],"predecessor-version":[{"id":2718,"href":"https:\/\/linde.edu.pl\/index.php?rest_route=\/wp\/v2\/pages\/2713\/revisions\/2718"}],"wp:attachment":[{"href":"https:\/\/linde.edu.pl\/index.php?rest_route=%2Fwp%2Fv2%2Fmedia&parent=2713"}],"curies":[{"name":"wp","href":"https:\/\/api.w.org\/{rel}","templated":true}]}}